{"id":47,"date":"2023-07-27T22:21:54","date_gmt":"2023-07-27T20:21:54","guid":{"rendered":"http:\/\/kyokush.cluster028.hosting.ovh.net\/?page_id=47"},"modified":"2023-07-27T22:21:54","modified_gmt":"2023-07-27T20:21:54","slug":"reglement","status":"publish","type":"page","link":"https:\/\/kyokushin-beauvechain.be\/index.php\/reglement\/","title":{"rendered":"R\u00e8glement"},"content":{"rendered":"\n<h5 class=\"wp-block-heading\">R\u00c8GLEMENT D\u2019ORDRE INT\u00c9RIEUR DU CLUB DE KARAT\u00c9 KYOKUSHIN BEAUVECHAIN<\/h5>\n\n\n\n<p>Article 1: Objet du r\u00e8glement<\/p>\n\n\n\n<p>Le pr\u00e9sent r\u00e8glement d\u2019ordre int\u00e9rieur a pour but de d\u00e9finir les r\u00e8gles de fonctionnement et de comportement au sein du Club de Karat\u00e9 Kyokushin Beauvechain, afin de pr\u00e9server l\u2019esprit sportif, le respect mutuel et la s\u00e9curit\u00e9 de tous les membres.<\/p>\n\n\n\n<p>Article 2: Adh\u00e9sion et inscription<\/p>\n\n\n\n<p>1. Toute personne souhaitant adh\u00e9rer au club doit remplir un formulaire d\u2019inscription et s\u2019acquitter des frais d\u2019adh\u00e9sion annuels.<\/p>\n\n\n\n<p>2. Les mineurs doivent pr\u00e9senter une autorisation parentale sign\u00e9e pour pouvoir rejoindre le club.<\/p>\n\n\n\n<p>3. L\u2019adh\u00e9sion au club est soumise au respect du pr\u00e9sent r\u00e8glement et des valeurs du karat\u00e9 Kyokushin.<\/p>\n\n\n\n<p>4. Les cotisations annuelles (ou trimestrielles) vers\u00e9es pour l\u2019adh\u00e9sion au Club de Karat\u00e9 Kyokushin Beauvechain ne sont pas remboursables, sauf en cas de force majeure d\u00fbment justifi\u00e9e et accept\u00e9e par le comit\u00e9 du club.<\/p>\n\n\n\n<p>5. En cas de force majeure, le membre devra soumettre une demande \u00e9crite au comit\u00e9 du club, accompagn\u00e9e des documents justificatifs pertinents. La d\u00e9cision de remboursement sera prise \u00e0 la discr\u00e9tion du comit\u00e9.<\/p>\n\n\n\n<p>Article 3: Horaires d\u2019entra\u00eenement et ponctualit\u00e9<\/p>\n\n\n\n<p>1. Les horaires d\u2019entra\u00eenement seront affich\u00e9s \u00e0 l\u2019avance sur le site web officiel.<\/p>\n\n\n\n<p>2. Les membres sont tenus d\u2019arriver au club au moins 15 minutes avant le d\u00e9but de chaque cours. Cela permettra un enregistrement efficace de leur pr\u00e9sence et leur pr\u00e9paration en vue de participer pleinement \u00e0 l\u2019entra\u00eenement.<\/p>\n\n\n\n<p>3. Les membres arrivant en retard pourront se voir refuser l\u2019acc\u00e8s au tatami pendant le salut initial afin de ne pas perturber le d\u00e9roulement du cours.<\/p>\n\n\n\n<p>Tous les membres du Club de Karat\u00e9 Kyokushin Beauvechain sont pri\u00e9s de prendre connaissance et d\u2019accepter ces nouvelles dispositions en signant le pr\u00e9sent document modifi\u00e9.<\/p>\n\n\n\n<p>Article 4: Tenue vestimentaire et \u00e9quipement<\/p>\n\n\n\n<p>1. Les membres sont tenus de porter la tenue de karat\u00e9 appropri\u00e9e lors de chaque entra\u00eenement, comprenant le kimono (gi), la ceinture (obi) et les protections n\u00e9cessaires.<\/p>\n\n\n\n<p>2. Les ongles doivent \u00eatre coup\u00e9s courts pour des raisons de s\u00e9curit\u00e9.<\/p>\n\n\n\n<p>3. Le port de bijoux et d\u2019objets pouvant causer des blessures est strictement interdit pendant les s\u00e9ances d\u2019entra\u00eenement.<\/p>\n\n\n\n<p>Article 5: Comportement<\/p>\n\n\n\n<p>1. Le respect envers les instructeurs, les autres membres et les visiteurs du club est essentiel. Tout manque de respect, d\u2019honneur ou de courtoisie ne sera pas tol\u00e9r\u00e9.<\/p>\n\n\n\n<p>2. Les membres doivent suivre attentivement les instructions des instructeurs pendant les cours.<\/p>\n\n\n\n<p>3. Toute forme de violence verbale ou physique est strictement interdite.<\/p>\n\n\n\n<p>Article 6: Hygi\u00e8ne et propret\u00e9<\/p>\n\n\n\n<p>1. Les membres doivent maintenir une hygi\u00e8ne personnelle appropri\u00e9e lors des s\u00e9ances d\u2019entra\u00eenement.<\/p>\n\n\n\n<p>2. Il est obligatoire de porter des chaussures d\u2019int\u00e9rieur ou des sandales propres dans les zones en dehors des tatamis.<\/p>\n\n\n\n<p>Article 7: S\u00e9curit\u00e9<\/p>\n\n\n\n<p>1. Les membres doivent respecter les r\u00e8gles de s\u00e9curit\u00e9 \u00e9nonc\u00e9es par les instructeurs pendant les cours.<\/p>\n\n\n\n<p>2. Les blessures ou incidents doivent \u00eatre signal\u00e9s imm\u00e9diatement \u00e0 un instructeur ou \u00e0 un membre du comit\u00e9.<\/p>\n\n\n\n<p>3. Il est strictement interdit de pratiquer des techniques de karat\u00e9 en dehors des s\u00e9ances d\u2019entra\u00eenement sans surveillance appropri\u00e9e.<\/p>\n\n\n\n<p>Article 8: Responsabilit\u00e9<\/p>\n\n\n\n<p>1. Le Club de Karat\u00e9 Kyokushin Beauvechain d\u00e9cline toute responsabilit\u00e9 en cas de vol, de perte ou d\u2019accident survenant sur les lieux du club ou lors d\u2019\u00e9v\u00e9nements organis\u00e9s par le club.<\/p>\n\n\n\n<p>2. Chaque membre est responsable de ses affaires personnelles et de son \u00e9quipement.<\/p>\n\n\n\n<p>Article 9: Sanctions disciplinaires<\/p>\n\n\n\n<p>1. En cas de non-respect du pr\u00e9sent r\u00e8glement, des sanctions disciplinaires pourront \u00eatre prises par le comit\u00e9 du club. Celles-ci pourraient aller d\u2019un simple avertissement \u00e0 une suspension temporaire ou d\u00e9finitive de l\u2019adh\u00e9sion.<\/p>\n\n\n\n<p>2. Les cas graves pourront \u00eatre rapport\u00e9s aux autorit\u00e9s comp\u00e9tentes.<\/p>\n\n\n\n<p>Article 10: Modification du r\u00e8glement<\/p>\n\n\n\n<p>1. Le pr\u00e9sent r\u00e8glement pourra \u00eatre modifi\u00e9 par d\u00e9cision du comit\u00e9 du club, sous r\u00e9serve de la communication de ces modifications aux membres.<\/p>\n\n\n\n<p>2. Les membres auront la possibilit\u00e9 de poser des questions ou de formuler des remarques concernant les modifications propos\u00e9es.<\/p>\n","protected":false},"excerpt":{"rendered":"<p>R\u00c8GLEMENT D\u2019ORDRE INT\u00c9RIEUR DU CLUB DE KARAT\u00c9 KYOKUSHIN BEAUVECHAIN Article 1: Objet du r\u00e8glement Le pr\u00e9sent r\u00e8glement d\u2019ordre int\u00e9rieur a pour but de d\u00e9finir les r\u00e8gles de fonctionnement et de [&hellip;]<\/p>\n","protected":false},"author":1,"featured_media":0,"parent":0,"menu_order":0,"comment_status":"closed","ping_status":"closed","template":"","meta":{"_EventAllDay":false,"_EventTimezone":"","_EventStartDate":"","_EventEndDate":"","_EventStartDateUTC":"","_EventEndDateUTC":"","_EventShowMap":false,"_EventShowMapLink":false,"_EventURL":"","_EventCost":"","_EventCostDescription":"","_EventCurrencySymbol":"","_EventCurrencyCode":"","_EventCurrencyPosition":"","_EventDateTimeSeparator":"","_EventTimeRangeSeparator":"","_EventOrganizerID":[],"_EventVenueID":[],"_OrganizerEmail":"","_OrganizerPhone":"","_OrganizerWebsite":"","_VenueAddress":"","_VenueCity":"","_VenueCountry":"","_VenueProvince":"","_VenueState":"","_VenueZip":"","_VenuePhone":"","_VenueURL":"","_VenueStateProvince":"","_VenueLat":"","_VenueLng":"","_VenueShowMap":false,"_VenueShowMapLink":false,"footnotes":""},"class_list":["post-47","page","type-page","status-publish","hentry"],"_links":{"self":[{"href":"https:\/\/kyokushin-beauvechain.be\/index.php\/wp-json\/wp\/v2\/pages\/47","targetHints":{"allow":["GET"]}}],"collection":[{"href":"https:\/\/kyokushin-beauvechain.be\/index.php\/wp-json\/wp\/v2\/pages"}],"about":[{"href":"https:\/\/kyokushin-beauvechain.be\/index.php\/wp-json\/wp\/v2\/types\/page"}],"author":[{"embeddable":true,"href":"https:\/\/kyokushin-beauvechain.be\/index.php\/wp-json\/wp\/v2\/users\/1"}],"replies":[{"embeddable":true,"href":"https:\/\/kyokushin-beauvechain.be\/index.php\/wp-json\/wp\/v2\/comments?post=47"}],"version-history":[{"count":1,"href":"https:\/\/kyokushin-beauvechain.be\/index.php\/wp-json\/wp\/v2\/pages\/47\/revisions"}],"predecessor-version":[{"id":48,"href":"https:\/\/kyokushin-beauvechain.be\/index.php\/wp-json\/wp\/v2\/pages\/47\/revisions\/48"}],"wp:attachment":[{"href":"https:\/\/kyokushin-beauvechain.be\/index.php\/wp-json\/wp\/v2\/media?parent=47"}],"curies":[{"name":"wp","href":"https:\/\/api.w.org\/{rel}","templated":true}]}}