{"id":981,"date":"2024-07-09T11:46:34","date_gmt":"2024-07-09T09:46:34","guid":{"rendered":"https:\/\/kyokushin-beauvechain.be\/?page_id=981"},"modified":"2024-09-13T18:05:04","modified_gmt":"2024-09-13T16:05:04","slug":"k-o-system","status":"publish","type":"page","link":"https:\/\/kyokushin-beauvechain.be\/index.php\/k-o-system\/","title":{"rendered":"K.O. System"},"content":{"rendered":"\n<p><strong>R\u00e8gles des combats en comp\u00e9titions de karat\u00e9 Kyokushin<\/strong><\/p>\n\n\n\n<p class=\"has-text-align-left\">Le karat\u00e9 Kyokushin, bien que consid\u00e9r\u00e9 comme un style \u00ab dur \u00bb, a d\u00e9velopp\u00e9 des r\u00e8gles permettant de pratiquer avec des frappes r\u00e9elles tout en minimisant les risques de blessures en comp\u00e9tition. Deux r\u00e8gles de base essentielles assurent cette s\u00e9curit\u00e9.<\/p>\n\n\n\n<p><strong>Premi\u00e8re r\u00e8gle : Interdictions des attaques dangereuses<\/strong><\/p>\n\n\n\n<p>Les attaques de poing et de coude au visage, ainsi que toutes les attaques dans le dos ou au bas-ventre, sont strictement interdites. Cette interdiction s&rsquo;applique ind\u00e9pendamment du niveau de contr\u00f4le de l&rsquo;attaque, \u00e9liminant ainsi les risques associ\u00e9s \u00e0 un manque de contr\u00f4le en situation de combat.<\/p>\n\n\n\n<p><strong>Deuxi\u00e8me r\u00e8gle : Jugement des coups re\u00e7us<\/strong><\/p>\n\n\n\n<p>Les coups re\u00e7us sont \u00e9valu\u00e9s par un corps d&rsquo;arbitrage compos\u00e9 de quatre juges et d&rsquo;un arbitre, selon un syst\u00e8me refl\u00e9tant un combat r\u00e9el.<\/p>\n\n\n\n<blockquote class=\"wp-block-quote is-layout-flow wp-block-quote-is-layout-flow\"><\/blockquote>\n\n\n\n<blockquote class=\"wp-block-quote is-layout-flow wp-block-quote-is-layout-flow\">\n<p class=\"has-small-font-size\"><strong>Junior: R\u00e8gles adapt\u00e9es:<\/strong> <em>Pour les enfants de moins de 16 ans, les r\u00e8gles sont adapt\u00e9es. En effet, les gants, prot\u00e8ge-tibias, casque int\u00e9gral et plastron sont obligatoires. De plus, la dur\u00e9e d&rsquo;un round est r\u00e9duite, et les points sont attribu\u00e9s d\u00e8s qu&rsquo;une touche est jug\u00e9e convaincante.<\/em><br><img loading=\"lazy\" decoding=\"async\" width=\"300\" height=\"179\" class=\"wp-image-1016\" style=\"width: 300px;\" src=\"https:\/\/kyokushin-beauvechain.be\/wp-content\/uploads\/2024\/09\/regionalny-turniej-karate-w-golubiu-dobrzyniu-04.06.2023-bskk-5.webp\" alt=\"\" srcset=\"https:\/\/kyokushin-beauvechain.be\/wp-content\/uploads\/2024\/09\/regionalny-turniej-karate-w-golubiu-dobrzyniu-04.06.2023-bskk-5.webp 1200w, https:\/\/kyokushin-beauvechain.be\/wp-content\/uploads\/2024\/09\/regionalny-turniej-karate-w-golubiu-dobrzyniu-04.06.2023-bskk-5-300x179.webp 300w, https:\/\/kyokushin-beauvechain.be\/wp-content\/uploads\/2024\/09\/regionalny-turniej-karate-w-golubiu-dobrzyniu-04.06.2023-bskk-5-1024x611.webp 1024w, https:\/\/kyokushin-beauvechain.be\/wp-content\/uploads\/2024\/09\/regionalny-turniej-karate-w-golubiu-dobrzyniu-04.06.2023-bskk-5-768x458.webp 768w\" sizes=\"auto, (max-width: 300px) 100vw, 300px\" \/><\/p>\n<\/blockquote>\n\n\n\n<p><strong>R\u00e9alit\u00e9<\/strong><\/p>\n\n\n\n<p>Imaginons deux adversaires dans la rue, chacun gardant une distance de s\u00e9curit\u00e9 et adoptant une garde protectrice. Si un coup port\u00e9 diminue les capacit\u00e9s de l&rsquo;un des combattants, l&#8217;emp\u00eachant de maintenir sa distance de s\u00e9curit\u00e9 ou faisant baisser sa garde m\u00eame bri\u00e8vement, son adversaire peut en tirer avantage pour dominer le combat. Si cette baisse de garde n&rsquo;est pas rapidement corrig\u00e9e, l&rsquo;attaquant peut obtenir une victoire d\u00e9cisive.<\/p>\n\n\n\n<p><strong>Arbitrage Kyokushinkai<\/strong><\/p>\n\n\n\n<p>Sur le tatami, les deux combattants maintiennent \u00e9galement une distance de travail (ma a\u00ef) et une garde protectrice. Si, au cours d&rsquo;un \u00e9change, un coup autoris\u00e9 affecte les capacit\u00e9s d&rsquo;un combattant, l&#8217;emp\u00eachant de maintenir sa distance ou faisant baisser sa garde un court instant, les arbitres interrompent le combat et accordent \u00e0 l&rsquo;attaquant un demi-point (waza-ari), lui donnant un avantage pour la suite du combat. Si la baisse de garde n&rsquo;est pas corrig\u00e9e dans les trois secondes, les arbitres consid\u00e8rent cet avantage comme d\u00e9cisif et attribuent un point complet (ippon), entra\u00eenant une victoire imm\u00e9diate de l&rsquo;attaquant.<\/p>\n\n\n\n<figure class=\"wp-block-embed is-type-video is-provider-youtube wp-block-embed-youtube wp-embed-aspect-4-3 wp-has-aspect-ratio\"><div class=\"wp-block-embed__wrapper\">\n<iframe loading=\"lazy\" title=\"Ryuji Isobe 2005 world weight tournament IKO1\" width=\"500\" height=\"375\" src=\"https:\/\/www.youtube.com\/embed\/EyGPKFohTms?feature=oembed\" frameborder=\"0\" allow=\"accelerometer; autoplay; clipboard-write; encrypted-media; gyroscope; picture-in-picture; web-share\" referrerpolicy=\"strict-origin-when-cross-origin\" allowfullscreen><\/iframe>\n<\/div><\/figure>\n\n\n\n<figure class=\"wp-block-embed is-type-video is-provider-youtube wp-block-embed-youtube wp-embed-aspect-4-3 wp-has-aspect-ratio\"><div class=\"wp-block-embed__wrapper\">\n<iframe loading=\"lazy\" title=\"Antonio Tusseau France vs Aleksandr Eremenko Russia The 13th World Open Karate Championship\" width=\"500\" height=\"375\" src=\"https:\/\/www.youtube.com\/embed\/omhttAwjYtE?feature=oembed\" frameborder=\"0\" allow=\"accelerometer; autoplay; clipboard-write; encrypted-media; gyroscope; picture-in-picture; web-share\" referrerpolicy=\"strict-origin-when-cross-origin\" allowfullscreen><\/iframe>\n<\/div><\/figure>\n\n\n\n<figure class=\"wp-block-embed is-type-video is-provider-youtube wp-block-embed-youtube wp-embed-aspect-16-9 wp-has-aspect-ratio\"><div class=\"wp-block-embed__wrapper\">\n<iframe loading=\"lazy\" title=\"Nicholas Pettas Kyokushin Highlights young lion years\" width=\"500\" height=\"281\" src=\"https:\/\/www.youtube.com\/embed\/886c0ORdXFM?feature=oembed\" frameborder=\"0\" allow=\"accelerometer; autoplay; clipboard-write; encrypted-media; gyroscope; picture-in-picture; web-share\" referrerpolicy=\"strict-origin-when-cross-origin\" allowfullscreen><\/iframe>\n<\/div><\/figure>\n","protected":false},"excerpt":{"rendered":"<p>R\u00e8gles des combats en comp\u00e9titions de karat\u00e9 Kyokushin Le karat\u00e9 Kyokushin, bien que consid\u00e9r\u00e9 comme un style \u00ab dur \u00bb, a d\u00e9velopp\u00e9 des r\u00e8gles permettant de pratiquer avec des frappes [&hellip;]<\/p>\n","protected":false},"author":1,"featured_media":0,"parent":0,"menu_order":0,"comment_status":"closed","ping_status":"closed","template":"","meta":{"_EventAllDay":false,"_EventTimezone":"","_EventStartDate":"","_EventEndDate":"","_EventStartDateUTC":"","_EventEndDateUTC":"","_EventShowMap":false,"_EventShowMapLink":false,"_EventURL":"","_EventCost":"","_EventCostDescription":"","_EventCurrencySymbol":"","_EventCurrencyCode":"","_EventCurrencyPosition":"","_EventDateTimeSeparator":"","_EventTimeRangeSeparator":"","_EventOrganizerID":[],"_EventVenueID":[],"_OrganizerEmail":"","_OrganizerPhone":"","_OrganizerWebsite":"","_VenueAddress":"","_VenueCity":"","_VenueCountry":"","_VenueProvince":"","_VenueState":"","_VenueZip":"","_VenuePhone":"","_VenueURL":"","_VenueStateProvince":"","_VenueLat":"","_VenueLng":"","_VenueShowMap":false,"_VenueShowMapLink":false,"footnotes":""},"class_list":["post-981","page","type-page","status-publish","hentry"],"_links":{"self":[{"href":"https:\/\/kyokushin-beauvechain.be\/index.php\/wp-json\/wp\/v2\/pages\/981","targetHints":{"allow":["GET"]}}],"collection":[{"href":"https:\/\/kyokushin-beauvechain.be\/index.php\/wp-json\/wp\/v2\/pages"}],"about":[{"href":"https:\/\/kyokushin-beauvechain.be\/index.php\/wp-json\/wp\/v2\/types\/page"}],"author":[{"embeddable":true,"href":"https:\/\/kyokushin-beauvechain.be\/index.php\/wp-json\/wp\/v2\/users\/1"}],"replies":[{"embeddable":true,"href":"https:\/\/kyokushin-beauvechain.be\/index.php\/wp-json\/wp\/v2\/comments?post=981"}],"version-history":[{"count":4,"href":"https:\/\/kyokushin-beauvechain.be\/index.php\/wp-json\/wp\/v2\/pages\/981\/revisions"}],"predecessor-version":[{"id":1017,"href":"https:\/\/kyokushin-beauvechain.be\/index.php\/wp-json\/wp\/v2\/pages\/981\/revisions\/1017"}],"wp:attachment":[{"href":"https:\/\/kyokushin-beauvechain.be\/index.php\/wp-json\/wp\/v2\/media?parent=981"}],"curies":[{"name":"wp","href":"https:\/\/api.w.org\/{rel}","templated":true}]}}